{"id":1895,"date":"2022-07-11T15:22:59","date_gmt":"2022-07-11T15:22:59","guid":{"rendered":"https:\/\/www.oramix.pt\/solutions\/m3\/"},"modified":"2023-04-12T16:01:29","modified_gmt":"2023-04-12T16:01:29","slug":"m3","status":"publish","type":"page","link":"https:\/\/www.oramix.pt\/en\/solutions\/m3\/","title":{"rendered":"M3"},"content":{"rendered":"","protected":false},"excerpt":{"rendered":"","protected":false},"author":2,"featured_media":1604,"parent":1887,"menu_order":20,"comment_status":"closed","ping_status":"closed","template":"page-solutionsdetail.php","meta":{"_acf_changed":false,"_monsterinsights_skip_tracking":false,"_monsterinsights_sitenote_active":false,"_monsterinsights_sitenote_note":"","_monsterinsights_sitenote_category":0,"footnotes":""},"class_list":["post-1895","page","type-page","status-publish","has-post-thumbnail","hentry"],"acf":[],"yoast_head":"<!-- This site is optimized with the Yoast SEO plugin v27.3 - https:\/\/yoast.com\/product\/yoast-seo-wordpress\/ -->\n<title>M3 - visibility into complex infrastructure management | Oramix<\/title>\n<meta name=\"description\" content=\"Gain visibility, automate tasks and access infrastructure reports to ensure greater control over databases and instances!\" \/>\n<meta name=\"robots\" content=\"index, follow, max-snippet:-1, max-image-preview:large, max-video-preview:-1\" \/>\n<link rel=\"canonical\" href=\"https:\/\/www.oramix.pt\/en\/solutions\/m3\/\" \/>\n<meta property=\"og:locale\" content=\"en_US\" \/>\n<meta property=\"og:type\" content=\"article\" \/>\n<meta property=\"og:title\" content=\"M3 - visibility into complex infrastructure management | Oramix\" \/>\n<meta property=\"og:description\" content=\"Gain visibility, automate tasks and access infrastructure reports to ensure greater control over databases and instances!\" \/>\n<meta property=\"og:url\" content=\"https:\/\/www.oramix.pt\/en\/solutions\/m3\/\" \/>\n<meta property=\"og:site_name\" content=\"Oramix\" \/>\n<meta property=\"article:modified_time\" content=\"2023-04-12T16:01:29+00:00\" \/>\n<meta property=\"og:image\" content=\"https:\/\/www.oramix.pt\/wp-content\/uploads\/2022\/11\/M3.jpg\" \/>\n\t<meta property=\"og:image:width\" content=\"570\" \/>\n\t<meta property=\"og:image:height\" content=\"480\" \/>\n\t<meta property=\"og:image:type\" content=\"image\/jpeg\" \/>\n<meta name=\"twitter:card\" content=\"summary_large_image\" \/>\n<script type=\"application\/ld+json\" class=\"yoast-schema-graph\">{\"@context\":\"https:\\\/\\\/schema.org\",\"@graph\":[{\"@type\":\"WebPage\",\"@id\":\"https:\\\/\\\/www.oramix.pt\\\/en\\\/solutions\\\/m3\\\/\",\"url\":\"https:\\\/\\\/www.oramix.pt\\\/en\\\/solutions\\\/m3\\\/\",\"name\":\"M3 - visibility into complex infrastructure management | Oramix\",\"isPartOf\":{\"@id\":\"https:\\\/\\\/www.oramix.pt\\\/#website\"},\"primaryImageOfPage\":{\"@id\":\"https:\\\/\\\/www.oramix.pt\\\/en\\\/solutions\\\/m3\\\/#primaryimage\"},\"image\":{\"@id\":\"https:\\\/\\\/www.oramix.pt\\\/en\\\/solutions\\\/m3\\\/#primaryimage\"},\"thumbnailUrl\":\"https:\\\/\\\/www.oramix.pt\\\/wp-content\\\/uploads\\\/2022\\\/11\\\/M3.jpg\",\"datePublished\":\"2022-07-11T15:22:59+00:00\",\"dateModified\":\"2023-04-12T16:01:29+00:00\",\"description\":\"Gain visibility, automate tasks and access infrastructure reports to ensure greater control over databases and instances!\",\"breadcrumb\":{\"@id\":\"https:\\\/\\\/www.oramix.pt\\\/en\\\/solutions\\\/m3\\\/#breadcrumb\"},\"inLanguage\":\"en-US\",\"potentialAction\":[{\"@type\":\"ReadAction\",\"target\":[\"https:\\\/\\\/www.oramix.pt\\\/en\\\/solutions\\\/m3\\\/\"]}]},{\"@type\":\"ImageObject\",\"inLanguage\":\"en-US\",\"@id\":\"https:\\\/\\\/www.oramix.pt\\\/en\\\/solutions\\\/m3\\\/#primaryimage\",\"url\":\"https:\\\/\\\/www.oramix.pt\\\/wp-content\\\/uploads\\\/2022\\\/11\\\/M3.jpg\",\"contentUrl\":\"https:\\\/\\\/www.oramix.pt\\\/wp-content\\\/uploads\\\/2022\\\/11\\\/M3.jpg\",\"width\":570,\"height\":480,\"caption\":\"Solu\u00e7\u00f5es de gest\u00e3o de bases de dados - plataforma M3\"},{\"@type\":\"BreadcrumbList\",\"@id\":\"https:\\\/\\\/www.oramix.pt\\\/en\\\/solutions\\\/m3\\\/#breadcrumb\",\"itemListElement\":[{\"@type\":\"ListItem\",\"position\":1,\"name\":\"Home\",\"item\":\"https:\\\/\\\/www.oramix.pt\\\/en\\\/\"},{\"@type\":\"ListItem\",\"position\":2,\"name\":\"Solutions\",\"item\":\"https:\\\/\\\/www.oramix.pt\\\/en\\\/solutions\\\/\"},{\"@type\":\"ListItem\",\"position\":3,\"name\":\"M3\"}]},{\"@type\":\"WebSite\",\"@id\":\"https:\\\/\\\/www.oramix.pt\\\/#website\",\"url\":\"https:\\\/\\\/www.oramix.pt\\\/\",\"name\":\"Oramix\",\"description\":\"Data management, cybersecurity and digital transformation by Oramix in Portugal\",\"potentialAction\":[{\"@type\":\"SearchAction\",\"target\":{\"@type\":\"EntryPoint\",\"urlTemplate\":\"https:\\\/\\\/www.oramix.pt\\\/?s={search_term_string}\"},\"query-input\":{\"@type\":\"PropertyValueSpecification\",\"valueRequired\":true,\"valueName\":\"search_term_string\"}}],\"inLanguage\":\"en-US\"}]}<\/script>\n<!-- \/ Yoast SEO plugin. -->","yoast_head_json":{"title":"M3 - visibility into complex infrastructure management | Oramix","description":"Gain visibility, automate tasks and access infrastructure reports to ensure greater control over databases and instances!","robots":{"index":"index","follow":"follow","max-snippet":"max-snippet:-1","max-image-preview":"max-image-preview:large","max-video-preview":"max-video-preview:-1"},"canonical":"https:\/\/www.oramix.pt\/en\/solutions\/m3\/","og_locale":"en_US","og_type":"article","og_title":"M3 - visibility into complex infrastructure management | Oramix","og_description":"Gain visibility, automate tasks and access infrastructure reports to ensure greater control over databases and instances!","og_url":"https:\/\/www.oramix.pt\/en\/solutions\/m3\/","og_site_name":"Oramix","article_modified_time":"2023-04-12T16:01:29+00:00","og_image":[{"width":570,"height":480,"url":"https:\/\/www.oramix.pt\/wp-content\/uploads\/2022\/11\/M3.jpg","type":"image\/jpeg"}],"twitter_card":"summary_large_image","schema":{"@context":"https:\/\/schema.org","@graph":[{"@type":"WebPage","@id":"https:\/\/www.oramix.pt\/en\/solutions\/m3\/","url":"https:\/\/www.oramix.pt\/en\/solutions\/m3\/","name":"M3 - visibility into complex infrastructure management | Oramix","isPartOf":{"@id":"https:\/\/www.oramix.pt\/#website"},"primaryImageOfPage":{"@id":"https:\/\/www.oramix.pt\/en\/solutions\/m3\/#primaryimage"},"image":{"@id":"https:\/\/www.oramix.pt\/en\/solutions\/m3\/#primaryimage"},"thumbnailUrl":"https:\/\/www.oramix.pt\/wp-content\/uploads\/2022\/11\/M3.jpg","datePublished":"2022-07-11T15:22:59+00:00","dateModified":"2023-04-12T16:01:29+00:00","description":"Gain visibility, automate tasks and access infrastructure reports to ensure greater control over databases and instances!","breadcrumb":{"@id":"https:\/\/www.oramix.pt\/en\/solutions\/m3\/#breadcrumb"},"inLanguage":"en-US","potentialAction":[{"@type":"ReadAction","target":["https:\/\/www.oramix.pt\/en\/solutions\/m3\/"]}]},{"@type":"ImageObject","inLanguage":"en-US","@id":"https:\/\/www.oramix.pt\/en\/solutions\/m3\/#primaryimage","url":"https:\/\/www.oramix.pt\/wp-content\/uploads\/2022\/11\/M3.jpg","contentUrl":"https:\/\/www.oramix.pt\/wp-content\/uploads\/2022\/11\/M3.jpg","width":570,"height":480,"caption":"Solu\u00e7\u00f5es de gest\u00e3o de bases de dados - plataforma M3"},{"@type":"BreadcrumbList","@id":"https:\/\/www.oramix.pt\/en\/solutions\/m3\/#breadcrumb","itemListElement":[{"@type":"ListItem","position":1,"name":"Home","item":"https:\/\/www.oramix.pt\/en\/"},{"@type":"ListItem","position":2,"name":"Solutions","item":"https:\/\/www.oramix.pt\/en\/solutions\/"},{"@type":"ListItem","position":3,"name":"M3"}]},{"@type":"WebSite","@id":"https:\/\/www.oramix.pt\/#website","url":"https:\/\/www.oramix.pt\/","name":"Oramix","description":"Data management, cybersecurity and digital transformation by Oramix in Portugal","potentialAction":[{"@type":"SearchAction","target":{"@type":"EntryPoint","urlTemplate":"https:\/\/www.oramix.pt\/?s={search_term_string}"},"query-input":{"@type":"PropertyValueSpecification","valueRequired":true,"valueName":"search_term_string"}}],"inLanguage":"en-US"}]}},"featured_image_src":"https:\/\/www.oramix.pt\/wp-content\/uploads\/2022\/11\/M3-570x400.jpg","featured_image_src_square":"https:\/\/www.oramix.pt\/wp-content\/uploads\/2022\/11\/M3.jpg","_links":{"self":[{"href":"https:\/\/www.oramix.pt\/en\/wp-json\/wp\/v2\/pages\/1895","targetHints":{"allow":["GET"]}}],"collection":[{"href":"https:\/\/www.oramix.pt\/en\/wp-json\/wp\/v2\/pages"}],"about":[{"href":"https:\/\/www.oramix.pt\/en\/wp-json\/wp\/v2\/types\/page"}],"author":[{"embeddable":true,"href":"https:\/\/www.oramix.pt\/en\/wp-json\/wp\/v2\/users\/2"}],"replies":[{"embeddable":true,"href":"https:\/\/www.oramix.pt\/en\/wp-json\/wp\/v2\/comments?post=1895"}],"version-history":[{"count":0,"href":"https:\/\/www.oramix.pt\/en\/wp-json\/wp\/v2\/pages\/1895\/revisions"}],"up":[{"embeddable":true,"href":"https:\/\/www.oramix.pt\/en\/wp-json\/wp\/v2\/pages\/1887"}],"wp:featuredmedia":[{"embeddable":true,"href":"https:\/\/www.oramix.pt\/en\/wp-json\/wp\/v2\/media\/1604"}],"wp:attachment":[{"href":"https:\/\/www.oramix.pt\/en\/wp-json\/wp\/v2\/media?parent=1895"}],"curies":[{"name":"wp","href":"https:\/\/api.w.org\/{rel}","templated":true}]}}